{"id":430,"date":"2025-11-17T15:58:59","date_gmt":"2025-11-17T15:58:59","guid":{"rendered":"https:\/\/tex-kuester.info\/?page_id=430"},"modified":"2025-11-19T20:08:37","modified_gmt":"2025-11-19T20:08:37","slug":"synclet","status":"publish","type":"page","link":"https:\/\/tex-kuester.info\/","title":{"rendered":"Home"},"content":{"rendered":"\t\t<div data-elementor-type=\"wp-page\" data-elementor-id=\"430\" class=\"elementor elementor-430\">\n\t\t\t\t<div class=\"elementor-element elementor-element-228ff5e e-flex e-con-boxed e-con e-parent\" data-id=\"228ff5e\" data-element_type=\"container\" data-e-type=\"container\">\n\t\t\t\t\t<div class=\"e-con-inner\">\n\t\t\t\t<div class=\"elementor-element elementor-element-7bed4b3 elementor-widget elementor-widget-text-editor\" data-id=\"7bed4b3\" data-element_type=\"widget\" data-e-type=\"widget\" data-widget_type=\"text-editor.default\">\n\t\t\t\t<div class=\"elementor-widget-container\">\n\t\t\t\t\t\t\t\t\t<div class=\"elementor elementor-17\" data-elementor-type=\"wp-page\" data-elementor-id=\"17\"><div class=\"elementor-element elementor-element-09e2cd1 e-con-full e-flex e-con e-parent e-lazyloaded\" data-id=\"09e2cd1\" data-element_type=\"container\"><div class=\"elementor-element elementor-element-ab0c5fe elementor-widget elementor-widget-heading\" data-id=\"ab0c5fe\" data-element_type=\"widget\" data-widget_type=\"heading.default\"><h1 class=\"elementor-widget-container\">Viktorianische Herrenmode hergestellt in Schleswig- Holstein<\/h1><\/div><\/div><div class=\"elementor-element elementor-element-d491e14 e-con-full e-flex e-con e-parent e-lazyloaded\" data-id=\"d491e14\" data-element_type=\"container\"><div class=\"elementor-element elementor-element-dfcd7c1 e-con-full e-flex e-con e-child\" data-id=\"dfcd7c1\" data-element_type=\"container\"><div class=\"elementor-element elementor-element-6290468 elementor-widget__width-initial elementor-widget elementor-widget-text-editor\" data-id=\"6290468\" data-element_type=\"widget\" data-widget_type=\"text-editor.default\"><div class=\"elementor-widget-container\"><p>\u201eIn der Schneiderkunst ist die Form alles, der Stoff gilt nichts\u2026\u201c <br \/>Zitat Heinrich Heine<\/p><p>\u201eDen wesentlichen Hauptfaktor des Schneidergewerbes bildet wohl schon seit urdenklichen Zeiten die Zuschneidekunst.\u00a0\u00a0 <br \/>Zuschnitt und Verarbeitung geh\u00f6ren zusammen, und zwar nicht nur f\u00fcr den Meister, sondern auch f\u00fcr den Gesellen und Lehrling, der mit Zuschneidekenntnissen seine N\u00e4harbeiten mit ganz anderem Verst\u00e4ndnis ausf\u00fchrt.\u201c <br \/>Zitat Michael M\u00fcller<\/p><p>Nach diesen Gesichtspunkten erarbeiten wir in unserem Atelier die Kleidungsst\u00fccke, die Formen und Schnitte ergeben sich dann nach Schnitten und Formen der jeweiligen Zeitepoche.<\/p><\/div><\/div><\/div><\/div><\/div>\t\t\t\t\t\t\t\t<\/div>\n\t\t\t\t<\/div>\n\t\t\t\t\t<\/div>\n\t\t\t\t<\/div>\n\t\t\t\t<\/div>\n\t\t","protected":false},"excerpt":{"rendered":"<p>Viktorianische Herrenmode hergestellt in Schleswig- Holstein \u201eIn der Schneiderkunst ist die Form alles, der Stoff&#8230;<\/p>\n","protected":false},"author":1,"featured_media":0,"parent":0,"menu_order":0,"comment_status":"closed","ping_status":"closed","template":"","meta":{"footnotes":""},"class_list":["post-430","page","type-page","status-publish","hentry"],"_links":{"self":[{"href":"https:\/\/tex-kuester.info\/index.php?rest_route=\/wp\/v2\/pages\/430","targetHints":{"allow":["GET"]}}],"collection":[{"href":"https:\/\/tex-kuester.info\/index.php?rest_route=\/wp\/v2\/pages"}],"about":[{"href":"https:\/\/tex-kuester.info\/index.php?rest_route=\/wp\/v2\/types\/page"}],"author":[{"embeddable":true,"href":"https:\/\/tex-kuester.info\/index.php?rest_route=\/wp\/v2\/users\/1"}],"replies":[{"embeddable":true,"href":"https:\/\/tex-kuester.info\/index.php?rest_route=%2Fwp%2Fv2%2Fcomments&post=430"}],"version-history":[{"count":5,"href":"https:\/\/tex-kuester.info\/index.php?rest_route=\/wp\/v2\/pages\/430\/revisions"}],"predecessor-version":[{"id":527,"href":"https:\/\/tex-kuester.info\/index.php?rest_route=\/wp\/v2\/pages\/430\/revisions\/527"}],"wp:attachment":[{"href":"https:\/\/tex-kuester.info\/index.php?rest_route=%2Fwp%2Fv2%2Fmedia&parent=430"}],"curies":[{"name":"wp","href":"https:\/\/api.w.org\/{rel}","templated":true}]}}